{"id":560,"date":"2019-05-08T20:12:01","date_gmt":"2019-05-08T20:12:01","guid":{"rendered":"https:\/\/adelphi.bee.co.hu\/?page_id=560"},"modified":"2026-02-12T16:17:00","modified_gmt":"2026-02-12T16:17:00","slug":"legal-notice","status":"publish","type":"page","link":"https:\/\/shoring-up-stability.org\/fr\/legal-notice\/","title":{"rendered":"MENTIONS L\u00c9GALES"},"content":{"rendered":"<p><div class=\"fusion-fullwidth fullwidth-box fusion-builder-row-4 fusion-flex-container nonhundred-percent-fullwidth non-hundred-percent-height-scrolling\" style=\"--awb-border-radius-top-left:0px;--awb-border-radius-top-right:0px;--awb-border-radius-bottom-right:0px;--awb-border-radius-bottom-left:0px;--awb-flex-wrap:wrap;\" ><div class=\"fusion-builder-row fusion-row fusion-flex-align-items-flex-start fusion-flex-content-wrap\" style=\"max-width:1144px;margin-left: calc(-4% \/ 2 );margin-right: calc(-4% \/ 2 );\"><div class=\"fusion-layout-column fusion_builder_column fusion-builder-column-3 fusion_builder_column_1_1 1_1 fusion-flex-column\" style=\"--awb-bg-size:cover;--awb-width-large:100%;--awb-margin-top-large:0px;--awb-spacing-right-large:1.92%;--awb-margin-bottom-large:0px;--awb-spacing-left-large:1.92%;--awb-width-medium:100%;--awb-spacing-right-medium:1.92%;--awb-spacing-left-medium:1.92%;--awb-width-small:100%;--awb-spacing-right-small:1.92%;--awb-spacing-left-small:1.92%;\"><div class=\"fusion-column-wrapper fusion-flex-justify-content-flex-start fusion-content-layout-column\"><\/div><\/div><\/div><\/div><div class=\"fusion-fullwidth fullwidth-box fusion-builder-row-5 fusion-flex-container fusion-parallax-none nonhundred-percent-fullwidth non-hundred-percent-height-scrolling\" style=\"--awb-background-repeat:repeat;--awb-border-radius-top-left:0px;--awb-border-radius-top-right:0px;--awb-border-radius-bottom-right:0px;--awb-border-radius-bottom-left:0px;--awb-padding-top:120px;--awb-padding-bottom:120px;--awb-background-image:url(&quot;https:\/\/shoring-up-stability.org\/wp-content\/uploads\/2019\/04\/grain_beige-300x300.jpg&quot;);--awb-flex-wrap:wrap;\" ><div class=\"fusion-builder-row fusion-row fusion-flex-align-items-flex-start fusion-flex-content-wrap\" style=\"max-width:calc( 1100px + 0px );margin-left: calc(-0px \/ 2 );margin-right: calc(-0px \/ 2 );\"><div class=\"fusion-layout-column fusion_builder_column fusion-builder-column-4 fusion_builder_column_1_1 1_1 fusion-flex-column\" style=\"--awb-bg-size:cover;--awb-width-large:100%;--awb-margin-top-large:0px;--awb-spacing-right-large:0px;--awb-margin-bottom-large:20px;--awb-spacing-left-large:0px;--awb-width-medium:100%;--awb-spacing-right-medium:0px;--awb-spacing-left-medium:0px;--awb-width-small:100%;--awb-spacing-right-small:0px;--awb-spacing-left-small:0px;\"><div class=\"fusion-column-wrapper fusion-flex-justify-content-flex-start fusion-content-layout-column\"><div class=\"fusion-text fusion-text-2\"><h2>Prestataire de services au sens de l&rsquo;article 5 de la DDG<\/h2>\n<p><strong>adelphi research gemeinn\u00fctzige GmbH<\/strong><\/p>\n<p>Alt-Moabit 91<br \/>\n10559 Berlin<\/p>\n<p>T +49 (30) 8900068-0<br \/>\nF +49 (30) 8900068-10<br \/>\noffice@adelphi.de<\/p>\n<p><strong>Directeurs g\u00e9n\u00e9raux :<\/strong> Mikael P. Henzler, Anton Barckhausen<\/p>\n<p>Soci\u00e9t\u00e9 ayant son si\u00e8ge social \u00e0 Berlin<br \/>\nTribunal d&rsquo;instance de Charlottenburg<br \/>\nHRB 81753<br \/>\nNum\u00e9ro d&rsquo;identification USt.-ID : DE813281567<\/p>\n<p><strong>Statut d&rsquo;organisme \u00e0 but non lucratif :<\/strong><br \/>\nadelphi research est reconnue par le Finanzamt f\u00fcr K\u00f6rperschaften I \u00e0 Berlin comme une organisation \u00e0 but non lucratif dans une d\u00e9cision dat\u00e9e du 17 f\u00e9vrier 2020. adelphi soutient les objectifs non lucratifs suivants : promotion de la science et de la recherche ainsi que le soutien aux \u00e9tudiants (\u00a7 52 section 2 phrase 1 No. 1 AO), la promotion de l&rsquo;\u00e9ducation publique et professionnelle (\u00a7 52 section 2 phrase 1 No. 7 AO), la promotion de la protection de l&rsquo;environnement (\u00a7 52 section 2 phrase 1 No. 8 AO) et le d\u00e9veloppement international (\u00a7 52 section 2 phrase 1 No. 15 AO).<\/p>\n<h2>Responsable au sens de l&rsquo;article 18, paragraphe 2, du trait\u00e9 d&rsquo;\u00c9tat sur les m\u00e9dias (MStV) et de l&rsquo;article 2 de l&rsquo;ordonnance sur les obligations d&rsquo;information des prestataires de services (article 2 DL-InfoV).<\/h2>\n<p><strong>Responsable du site web selon la loi sur la presse :<\/strong><br \/>\nDennis T\u00e4nzler<br \/>\nadelphi reaserch gemeinn\u00fctzuge GmbH<br \/>\nAlt-Moabit 91<br \/>\n10559 Berlin<\/p>\n<p>T +49 (30) 8900068-0<br \/>\nF +49 (30) 8900068-10<br \/>\noffice@adelphi.de<\/p>\n<p><strong>Contact technique pour le site web (Webmaster) :<\/strong><br \/>\nDaniel H\u00f6gele<br \/>\nwebmaster@adelphi.de<\/p>\n<\/div><\/div><\/div><\/div><\/div><div class=\"fusion-fullwidth fullwidth-box fusion-builder-row-6 fusion-flex-container nonhundred-percent-fullwidth non-hundred-percent-height-scrolling\" style=\"--awb-border-radius-top-left:0px;--awb-border-radius-top-right:0px;--awb-border-radius-bottom-right:0px;--awb-border-radius-bottom-left:0px;--awb-flex-wrap:wrap;\" ><div class=\"fusion-builder-row fusion-row fusion-flex-align-items-flex-start fusion-flex-content-wrap\" style=\"max-width:1144px;margin-left: calc(-4% \/ 2 );margin-right: calc(-4% \/ 2 );\"><div class=\"fusion-layout-column fusion_builder_column fusion-builder-column-5 fusion_builder_column_1_1 1_1 fusion-flex-column\" style=\"--awb-bg-size:cover;--awb-width-large:100%;--awb-margin-top-large:0px;--awb-spacing-right-large:1.92%;--awb-margin-bottom-large:0px;--awb-spacing-left-large:1.92%;--awb-width-medium:100%;--awb-spacing-right-medium:1.92%;--awb-spacing-left-medium:1.92%;--awb-width-small:100%;--awb-spacing-right-small:1.92%;--awb-spacing-left-small:1.92%;\"><div class=\"fusion-column-wrapper fusion-flex-justify-content-flex-start fusion-content-layout-column\"><\/div><\/div><\/div><\/div><\/p>","protected":false},"excerpt":{"rendered":"","protected":false},"author":3,"featured_media":0,"parent":0,"menu_order":0,"comment_status":"closed","ping_status":"closed","template":"100-width.php","meta":{"footnotes":""},"class_list":["post-560","page","type-page","status-publish","hentry"],"yoast_head":"<!-- This site is optimized with the Yoast SEO plugin v27.3 - https:\/\/yoast.com\/product\/yoast-seo-wordpress\/ -->\n<title>MENTIONS L\u00c9GALES - SHORING UP STABILITY<\/title>\n<meta name=\"robots\" content=\"index, follow, max-snippet:-1, max-image-preview:large, max-video-preview:-1\" \/>\n<link rel=\"canonical\" href=\"https:\/\/shoring-up-stability.org\/legal-notice\/\" \/>\n<meta property=\"og:locale\" content=\"fr_FR\" \/>\n<meta property=\"og:type\" content=\"article\" \/>\n<meta property=\"og:title\" content=\"MENTIONS L\u00c9GALES - SHORING UP STABILITY\" \/>\n<meta property=\"og:url\" content=\"https:\/\/shoring-up-stability.org\/legal-notice\/\" \/>\n<meta property=\"og:site_name\" content=\"SHORING UP STABILITY\" \/>\n<meta property=\"article:modified_time\" content=\"2026-02-12T16:17:00+00:00\" \/>\n<meta name=\"twitter:card\" content=\"summary_large_image\" \/>\n<meta name=\"twitter:label1\" content=\"Dur\u00e9e de lecture estim\u00e9e\" \/>\n\t<meta name=\"twitter:data1\" content=\"1 minute\" \/>\n<script type=\"application\/ld+json\" class=\"yoast-schema-graph\">{\"@context\":\"https:\\\/\\\/schema.org\",\"@graph\":[{\"@type\":\"WebPage\",\"@id\":\"https:\\\/\\\/shoring-up-stability.org\\\/legal-notice\\\/\",\"url\":\"https:\\\/\\\/shoring-up-stability.org\\\/legal-notice\\\/\",\"name\":\"MENTIONS L\u00c9GALES - SHORING UP STABILITY\",\"isPartOf\":{\"@id\":\"https:\\\/\\\/shoring-up-stability.org\\\/#website\"},\"datePublished\":\"2019-05-08T20:12:01+00:00\",\"dateModified\":\"2026-02-12T16:17:00+00:00\",\"breadcrumb\":{\"@id\":\"https:\\\/\\\/shoring-up-stability.org\\\/legal-notice\\\/#breadcrumb\"},\"inLanguage\":\"fr-FR\",\"potentialAction\":[{\"@type\":\"ReadAction\",\"target\":[\"https:\\\/\\\/shoring-up-stability.org\\\/legal-notice\\\/\"]}]},{\"@type\":\"BreadcrumbList\",\"@id\":\"https:\\\/\\\/shoring-up-stability.org\\\/legal-notice\\\/#breadcrumb\",\"itemListElement\":[{\"@type\":\"ListItem\",\"position\":1,\"name\":\"Home\",\"item\":\"https:\\\/\\\/shoring-up-stability.org\\\/fr\\\/\"},{\"@type\":\"ListItem\",\"position\":2,\"name\":\"MENTIONS L\u00c9GALES\"}]},{\"@type\":\"WebSite\",\"@id\":\"https:\\\/\\\/shoring-up-stability.org\\\/#website\",\"url\":\"https:\\\/\\\/shoring-up-stability.org\\\/\",\"name\":\"SHORING UP STABILITY\",\"description\":\"\",\"potentialAction\":[{\"@type\":\"SearchAction\",\"target\":{\"@type\":\"EntryPoint\",\"urlTemplate\":\"https:\\\/\\\/shoring-up-stability.org\\\/?s={search_term_string}\"},\"query-input\":{\"@type\":\"PropertyValueSpecification\",\"valueRequired\":true,\"valueName\":\"search_term_string\"}}],\"inLanguage\":\"fr-FR\"}]}<\/script>\n<!-- \/ Yoast SEO plugin. -->","yoast_head_json":{"title":"MENTIONS L\u00c9GALES - SHORING UP STABILITY","robots":{"index":"index","follow":"follow","max-snippet":"max-snippet:-1","max-image-preview":"max-image-preview:large","max-video-preview":"max-video-preview:-1"},"canonical":"https:\/\/shoring-up-stability.org\/legal-notice\/","og_locale":"fr_FR","og_type":"article","og_title":"MENTIONS L\u00c9GALES - SHORING UP STABILITY","og_url":"https:\/\/shoring-up-stability.org\/legal-notice\/","og_site_name":"SHORING UP STABILITY","article_modified_time":"2026-02-12T16:17:00+00:00","twitter_card":"summary_large_image","twitter_misc":{"Dur\u00e9e de lecture estim\u00e9e":"1 minute"},"schema":{"@context":"https:\/\/schema.org","@graph":[{"@type":"WebPage","@id":"https:\/\/shoring-up-stability.org\/legal-notice\/","url":"https:\/\/shoring-up-stability.org\/legal-notice\/","name":"MENTIONS L\u00c9GALES - SHORING UP STABILITY","isPartOf":{"@id":"https:\/\/shoring-up-stability.org\/#website"},"datePublished":"2019-05-08T20:12:01+00:00","dateModified":"2026-02-12T16:17:00+00:00","breadcrumb":{"@id":"https:\/\/shoring-up-stability.org\/legal-notice\/#breadcrumb"},"inLanguage":"fr-FR","potentialAction":[{"@type":"ReadAction","target":["https:\/\/shoring-up-stability.org\/legal-notice\/"]}]},{"@type":"BreadcrumbList","@id":"https:\/\/shoring-up-stability.org\/legal-notice\/#breadcrumb","itemListElement":[{"@type":"ListItem","position":1,"name":"Home","item":"https:\/\/shoring-up-stability.org\/fr\/"},{"@type":"ListItem","position":2,"name":"MENTIONS L\u00c9GALES"}]},{"@type":"WebSite","@id":"https:\/\/shoring-up-stability.org\/#website","url":"https:\/\/shoring-up-stability.org\/","name":"SHORING UP STABILITY","description":"","potentialAction":[{"@type":"SearchAction","target":{"@type":"EntryPoint","urlTemplate":"https:\/\/shoring-up-stability.org\/?s={search_term_string}"},"query-input":{"@type":"PropertyValueSpecification","valueRequired":true,"valueName":"search_term_string"}}],"inLanguage":"fr-FR"}]}},"_links":{"self":[{"href":"https:\/\/shoring-up-stability.org\/fr\/wp-json\/wp\/v2\/pages\/560","targetHints":{"allow":["GET"]}}],"collection":[{"href":"https:\/\/shoring-up-stability.org\/fr\/wp-json\/wp\/v2\/pages"}],"about":[{"href":"https:\/\/shoring-up-stability.org\/fr\/wp-json\/wp\/v2\/types\/page"}],"author":[{"embeddable":true,"href":"https:\/\/shoring-up-stability.org\/fr\/wp-json\/wp\/v2\/users\/3"}],"replies":[{"embeddable":true,"href":"https:\/\/shoring-up-stability.org\/fr\/wp-json\/wp\/v2\/comments?post=560"}],"version-history":[{"count":39,"href":"https:\/\/shoring-up-stability.org\/fr\/wp-json\/wp\/v2\/pages\/560\/revisions"}],"predecessor-version":[{"id":1626,"href":"https:\/\/shoring-up-stability.org\/fr\/wp-json\/wp\/v2\/pages\/560\/revisions\/1626"}],"wp:attachment":[{"href":"https:\/\/shoring-up-stability.org\/fr\/wp-json\/wp\/v2\/media?parent=560"}],"curies":[{"name":"wp","href":"https:\/\/api.w.org\/{rel}","templated":true}]}}