{"id":15,"date":"2019-04-10T19:44:09","date_gmt":"2019-04-10T19:44:09","guid":{"rendered":"https:\/\/adelphi.bee.co.hu\/?page_id=15"},"modified":"2019-06-13T23:38:11","modified_gmt":"2019-06-13T23:38:11","slug":"the-report","status":"publish","type":"page","link":"https:\/\/shoring-up-stability.org\/fr\/the-report\/","title":{"rendered":"LE RAPPORT"},"content":{"rendered":"<p><div class=\"fusion-fullwidth fullwidth-box fusion-builder-row-3 fusion-parallax-none nonhundred-percent-fullwidth non-hundred-percent-height-scrolling cr_alex\" style=\"--awb-border-radius-top-left:0px;--awb-border-radius-top-right:0px;--awb-border-radius-bottom-right:0px;--awb-border-radius-bottom-left:0px;--awb-padding-top:120px;--awb-padding-bottom:120px;--awb-background-image:url(&quot;https:\/\/shoring-up-stability.org\/wp-content\/uploads\/2019\/05\/THEREPORT_BLUE_P1090157.jpg&quot;);--awb-background-size:cover;--awb-flex-wrap:wrap;\" ><div class=\"fusion-builder-row fusion-row\"><div class=\"fusion-layout-column fusion_builder_column fusion-builder-column-3 fusion_builder_column_1_1 1_1 fusion-one-full fusion-column-first fusion-column-last\" style=\"--awb-bg-size:cover;\"><div class=\"fusion-column-wrapper fusion-flex-column-wrapper-legacy\"><div class=\"fusion-text fusion-text-3\"><h1><span style=\"color: #ffffff;\">LE RAPPORT<\/span><\/h1>\n<\/div><div class=\"fusion-clearfix\"><\/div><\/div><\/div><\/div><\/div><div class=\"fusion-fullwidth fullwidth-box fusion-builder-row-4 fusion-parallax-none nonhundred-percent-fullwidth non-hundred-percent-height-scrolling terkep_bg\" style=\"--awb-background-position:right bottom;--awb-background-repeat:repeat;--awb-border-radius-top-left:0px;--awb-border-radius-top-right:0px;--awb-border-radius-bottom-right:0px;--awb-border-radius-bottom-left:0px;--awb-padding-top:120px;--awb-padding-bottom:120px;--awb-background-image:url(&quot;https:\/\/shoring-up-stability.org\/wp-content\/uploads\/2019\/05\/KeyFindings_Beige_1920x750px.jpg&quot;);--awb-flex-wrap:wrap;\" ><div class=\"fusion-builder-row fusion-row\"><div class=\"fusion-layout-column fusion_builder_column fusion-builder-column-4 fusion_builder_column_1_5 1_5 fusion-one-fifth fusion-column-first\" style=\"--awb-bg-size:cover;width:20%;width:calc(20% - ( ( 4% ) * 0.2 ) );margin-right: 4%;\"><div class=\"fusion-column-wrapper fusion-flex-column-wrapper-legacy\"><div class=\"fusion-clearfix\"><\/div><\/div><\/div><div class=\"fusion-layout-column fusion_builder_column fusion-builder-column-5 fusion_builder_column_3_5 3_5 fusion-three-fifth fusion-column-last\" style=\"--awb-bg-size:cover;width:60%;width:calc(60% - ( ( 4% ) * 0.6 ) );\"><div class=\"fusion-column-wrapper fusion-flex-column-wrapper-legacy\"><div class=\"fusion-text fusion-text-4\"><table style=\"height: 100px; width: 100%;\">\n<tbody>\n<tr style=\"border-bottom: 1px solid black;\">\n<td style=\"width: 193px; border: 0px; height: 50px; text-align: left;\"><span style=\"color: #005d60;\"><strong>R\u00c9SUM\u00c9<\/strong><\/span> \u2022 <span style=\"color: #999999;\">3.2 MB<\/span><\/td>\n<td style=\"width: 10px; border: 0px; height: 50px; text-align: right;\"><span style=\"color: #000000;\"><a style=\"color: #000000;\" href=\"https:\/\/shoring-up-stability.org\/wp-content\/uploads\/2019\/06\/Renforcer-la-stabilit\u00e9-R\u00e9sum\u00e9.pdf\" target=\"_blank\" rel=\"noopener noreferrer\"><i class=\"flaticon-download\"><\/i> T\u00c9L\u00c9CHARGEMENT PDF<\/a><\/span><\/td>\n<\/tr>\n<tr style=\"border-bottom: 1px solid black;\">\n<td style=\"width: 193px; border: 0px; height: 50px; text-align: left;\"><span style=\"color: #005d60;\"><strong>LE RAPPORT<\/strong><\/span> \u2022 <span style=\"color: #999999;\">13 MB<\/span><\/td>\n<td style=\"width: 10px; border: 0px; height: 50px; text-align: right;\"><span style=\"color: #000000;\"><a style=\"color: #000000;\" href=\"https:\/\/shoring-up-stability.org\/wp-content\/uploads\/2019\/06\/Renforcer-la-stabilit\u00e9.pdf\" target=\"_blank\" rel=\"noopener noreferrer\"><i class=\"flaticon-download\"><\/i> T\u00c9L\u00c9CHARGEMENT PDF<\/a><\/span><\/td>\n<\/tr>\n<\/tbody>\n<\/table>\n<p><span style=\"font-size: 10pt;\"><em>\u00a0<\/em><\/span><\/p>\n<\/div><div class=\"fusion-clearfix\"><\/div><\/div><\/div><\/div><\/div><\/p>","protected":false},"excerpt":{"rendered":"","protected":false},"author":3,"featured_media":0,"parent":0,"menu_order":0,"comment_status":"closed","ping_status":"closed","template":"100-width.php","meta":{"footnotes":""},"class_list":["post-15","page","type-page","status-publish","hentry"],"yoast_head":"<!-- This site is optimized with the Yoast SEO plugin v27.4 - https:\/\/yoast.com\/product\/yoast-seo-wordpress\/ -->\n<title>LE RAPPORT - SHORING UP STABILITY<\/title>\n<meta name=\"robots\" content=\"index, follow, max-snippet:-1, max-image-preview:large, max-video-preview:-1\" \/>\n<link rel=\"canonical\" href=\"https:\/\/shoring-up-stability.org\/the-report\/\" \/>\n<meta property=\"og:locale\" content=\"fr_FR\" \/>\n<meta property=\"og:type\" content=\"article\" \/>\n<meta property=\"og:title\" content=\"LE RAPPORT - SHORING UP STABILITY\" \/>\n<meta property=\"og:url\" content=\"https:\/\/shoring-up-stability.org\/the-report\/\" \/>\n<meta property=\"og:site_name\" content=\"SHORING UP STABILITY\" \/>\n<meta property=\"article:modified_time\" content=\"2019-06-13T23:38:11+00:00\" \/>\n<meta name=\"twitter:card\" content=\"summary_large_image\" \/>\n<meta name=\"twitter:label1\" content=\"Dur\u00e9e de lecture estim\u00e9e\" \/>\n\t<meta name=\"twitter:data1\" content=\"5 minutes\" \/>\n<script type=\"application\/ld+json\" class=\"yoast-schema-graph\">{\"@context\":\"https:\\\/\\\/schema.org\",\"@graph\":[{\"@type\":\"WebPage\",\"@id\":\"https:\\\/\\\/shoring-up-stability.org\\\/the-report\\\/\",\"url\":\"https:\\\/\\\/shoring-up-stability.org\\\/the-report\\\/\",\"name\":\"LE RAPPORT - SHORING UP STABILITY\",\"isPartOf\":{\"@id\":\"https:\\\/\\\/shoring-up-stability.org\\\/#website\"},\"datePublished\":\"2019-04-10T19:44:09+00:00\",\"dateModified\":\"2019-06-13T23:38:11+00:00\",\"breadcrumb\":{\"@id\":\"https:\\\/\\\/shoring-up-stability.org\\\/the-report\\\/#breadcrumb\"},\"inLanguage\":\"fr-FR\",\"potentialAction\":[{\"@type\":\"ReadAction\",\"target\":[\"https:\\\/\\\/shoring-up-stability.org\\\/the-report\\\/\"]}]},{\"@type\":\"BreadcrumbList\",\"@id\":\"https:\\\/\\\/shoring-up-stability.org\\\/the-report\\\/#breadcrumb\",\"itemListElement\":[{\"@type\":\"ListItem\",\"position\":1,\"name\":\"Home\",\"item\":\"https:\\\/\\\/shoring-up-stability.org\\\/fr\\\/\"},{\"@type\":\"ListItem\",\"position\":2,\"name\":\"THE REPORT\"}]},{\"@type\":\"WebSite\",\"@id\":\"https:\\\/\\\/shoring-up-stability.org\\\/#website\",\"url\":\"https:\\\/\\\/shoring-up-stability.org\\\/\",\"name\":\"SHORING UP STABILITY\",\"description\":\"\",\"potentialAction\":[{\"@type\":\"SearchAction\",\"target\":{\"@type\":\"EntryPoint\",\"urlTemplate\":\"https:\\\/\\\/shoring-up-stability.org\\\/?s={search_term_string}\"},\"query-input\":{\"@type\":\"PropertyValueSpecification\",\"valueRequired\":true,\"valueName\":\"search_term_string\"}}],\"inLanguage\":\"fr-FR\"}]}<\/script>\n<!-- \/ Yoast SEO plugin. -->","yoast_head_json":{"title":"LE RAPPORT - SHORING UP STABILITY","robots":{"index":"index","follow":"follow","max-snippet":"max-snippet:-1","max-image-preview":"max-image-preview:large","max-video-preview":"max-video-preview:-1"},"canonical":"https:\/\/shoring-up-stability.org\/the-report\/","og_locale":"fr_FR","og_type":"article","og_title":"LE RAPPORT - SHORING UP STABILITY","og_url":"https:\/\/shoring-up-stability.org\/the-report\/","og_site_name":"SHORING UP STABILITY","article_modified_time":"2019-06-13T23:38:11+00:00","twitter_card":"summary_large_image","twitter_misc":{"Dur\u00e9e de lecture estim\u00e9e":"5 minutes"},"schema":{"@context":"https:\/\/schema.org","@graph":[{"@type":"WebPage","@id":"https:\/\/shoring-up-stability.org\/the-report\/","url":"https:\/\/shoring-up-stability.org\/the-report\/","name":"LE RAPPORT - SHORING UP STABILITY","isPartOf":{"@id":"https:\/\/shoring-up-stability.org\/#website"},"datePublished":"2019-04-10T19:44:09+00:00","dateModified":"2019-06-13T23:38:11+00:00","breadcrumb":{"@id":"https:\/\/shoring-up-stability.org\/the-report\/#breadcrumb"},"inLanguage":"fr-FR","potentialAction":[{"@type":"ReadAction","target":["https:\/\/shoring-up-stability.org\/the-report\/"]}]},{"@type":"BreadcrumbList","@id":"https:\/\/shoring-up-stability.org\/the-report\/#breadcrumb","itemListElement":[{"@type":"ListItem","position":1,"name":"Home","item":"https:\/\/shoring-up-stability.org\/fr\/"},{"@type":"ListItem","position":2,"name":"THE REPORT"}]},{"@type":"WebSite","@id":"https:\/\/shoring-up-stability.org\/#website","url":"https:\/\/shoring-up-stability.org\/","name":"SHORING UP STABILITY","description":"","potentialAction":[{"@type":"SearchAction","target":{"@type":"EntryPoint","urlTemplate":"https:\/\/shoring-up-stability.org\/?s={search_term_string}"},"query-input":{"@type":"PropertyValueSpecification","valueRequired":true,"valueName":"search_term_string"}}],"inLanguage":"fr-FR"}]}},"_links":{"self":[{"href":"https:\/\/shoring-up-stability.org\/fr\/wp-json\/wp\/v2\/pages\/15","targetHints":{"allow":["GET"]}}],"collection":[{"href":"https:\/\/shoring-up-stability.org\/fr\/wp-json\/wp\/v2\/pages"}],"about":[{"href":"https:\/\/shoring-up-stability.org\/fr\/wp-json\/wp\/v2\/types\/page"}],"author":[{"embeddable":true,"href":"https:\/\/shoring-up-stability.org\/fr\/wp-json\/wp\/v2\/users\/3"}],"replies":[{"embeddable":true,"href":"https:\/\/shoring-up-stability.org\/fr\/wp-json\/wp\/v2\/comments?post=15"}],"version-history":[{"count":82,"href":"https:\/\/shoring-up-stability.org\/fr\/wp-json\/wp\/v2\/pages\/15\/revisions"}],"predecessor-version":[{"id":1321,"href":"https:\/\/shoring-up-stability.org\/fr\/wp-json\/wp\/v2\/pages\/15\/revisions\/1321"}],"wp:attachment":[{"href":"https:\/\/shoring-up-stability.org\/fr\/wp-json\/wp\/v2\/media?parent=15"}],"curies":[{"name":"wp","href":"https:\/\/api.w.org\/{rel}","templated":true}]}}